{"id":483,"date":"2021-12-20T11:54:54","date_gmt":"2021-12-20T10:54:54","guid":{"rendered":"https:\/\/kazandjian.ch\/?page_id=483"},"modified":"2026-01-12T17:20:54","modified_gmt":"2026-01-12T16:20:54","slug":"our-office","status":"publish","type":"page","link":"https:\/\/kazandjian.ch\/en\/our-office\/","title":{"rendered":"Our office"},"content":{"rendered":"\n<p>Our office is located on the Lausanne-side of Morges, near the spectacular Lake Leman.<\/p>\n\n\n\n<figure class=\"wp-block-gallery has-nested-images columns-default is-cropped columns-2 wp-block-gallery-1 is-layout-flex wp-block-gallery-is-layout-flex\">\n<figure class=\"wp-block-image size-large\"><img loading=\"lazy\" decoding=\"async\" width=\"2000\" height=\"1331\" data-id=\"461\" src=\"https:\/\/kazandjian.ch\/wp-content\/uploads\/2021\/07\/le-cabinet.jpg\" alt=\"waiting room\" class=\"wp-image-461\" srcset=\"https:\/\/kazandjian.ch\/wp-content\/uploads\/2021\/07\/le-cabinet.jpg 2000w, https:\/\/kazandjian.ch\/wp-content\/uploads\/2021\/07\/le-cabinet-300x200.jpg 300w, https:\/\/kazandjian.ch\/wp-content\/uploads\/2021\/07\/le-cabinet-768x511.jpg 768w, https:\/\/kazandjian.ch\/wp-content\/uploads\/2021\/07\/le-cabinet-1024x681.jpg 1024w, https:\/\/kazandjian.ch\/wp-content\/uploads\/2021\/07\/le-cabinet-1536x1022.jpg 1536w, https:\/\/kazandjian.ch\/wp-content\/uploads\/2021\/07\/le-cabinet-900x600.jpg 900w, https:\/\/kazandjian.ch\/wp-content\/uploads\/2021\/07\/le-cabinet-660x440.jpg 660w\" sizes=\"auto, (max-width: 2000px) 100vw, 2000px\" \/><\/figure>\n\n\n\n<figure class=\"wp-block-image size-large\"><img loading=\"lazy\" decoding=\"async\" width=\"2000\" height=\"1331\" data-id=\"462\" src=\"https:\/\/kazandjian.ch\/wp-content\/uploads\/2021\/07\/le-cabinet-2.jpg\" alt=\"children's waiting room\" class=\"wp-image-462\" srcset=\"https:\/\/kazandjian.ch\/wp-content\/uploads\/2021\/07\/le-cabinet-2.jpg 2000w, https:\/\/kazandjian.ch\/wp-content\/uploads\/2021\/07\/le-cabinet-2-300x200.jpg 300w, https:\/\/kazandjian.ch\/wp-content\/uploads\/2021\/07\/le-cabinet-2-768x511.jpg 768w, https:\/\/kazandjian.ch\/wp-content\/uploads\/2021\/07\/le-cabinet-2-1024x681.jpg 1024w, https:\/\/kazandjian.ch\/wp-content\/uploads\/2021\/07\/le-cabinet-2-1536x1022.jpg 1536w, https:\/\/kazandjian.ch\/wp-content\/uploads\/2021\/07\/le-cabinet-2-900x600.jpg 900w, https:\/\/kazandjian.ch\/wp-content\/uploads\/2021\/07\/le-cabinet-2-660x440.jpg 660w\" sizes=\"auto, (max-width: 2000px) 100vw, 2000px\" \/><\/figure>\n<\/figure>\n\n\n\n<section class=\"team\">\n\n  <div class=\"list-team\">\n\n      <div class=\"team-member main\">\n      <figure class=\"img\">\n        <img loading=\"lazy\" decoding=\"async\" width=\"480\" height=\"660\" src=\"https:\/\/kazandjian.ch\/wp-content\/uploads\/2021\/03\/dr-serge-kazandjian-2-480x660.jpg\" class=\"attachment-list-thumb-vertical size-list-thumb-vertical wp-post-image\" alt=\"Dr Serge Kazandjian\" \/>      <\/figure>\n      <div class=\"content\">\n        <h3 class=\"title\">Dr Serge Kazandjian<\/h3>\n        <p class=\"job\"><strong><\/strong><\/p>\n                <p>Dr. Kazandjian grew up in the French speaking area of Switzerland.\u00a0 While most of his studies were in this region, he attained his orthodontic degree in the United States.\u00a0 Afterward, he completed two separate supplementary qualification processes to receive an advanced specialty title in both America* and in Switzerland**.<\/p>\n<ul>\n<li>American Board of Orthodontics (ABO certified)*<\/li>\n<li>Swiss Specialist in Orthodontics (SSO certified)** at the University of Geneva<\/li>\n<li>Master of Science in Orthodontics at the University of Southern California in Los Angeles (M.S. at USC)<\/li>\n<li>Doctorate in Dental Medicine at the University of Geneva<\/li>\n<li>Dipl\u00f4me de M\u00e9decin-dentiste at the University of Geneva<\/li>\n<li><span class=\"\" lang=\"FR-CH\">Former <\/span>Instructor at the University of Geneva department of Orthodontics<\/li>\n<\/ul>\n                <div class=\"associations\">\n          <p><strong>Associations<\/strong><\/p>\n          <ul class=\"list-associations\">\n                        <li>Soci\u00e9t\u00e9 Vaudoise de M\u00e9decins-Dentistes&nbsp;SVMD<\/li>\n                        <li>Soci\u00e9t\u00e9 Suisse de M\u00e9decins-Dentistes&nbsp;SSO<\/li>\n                        <li>Soci\u00e9t\u00e9 Suisse d&#8217;Orthop\u00e9die Dento-Faciale&nbsp;SSODF<\/li>\n                        <li>American Association of Orthodontists&nbsp;AAO<\/li>\n                        <li>American Board of Orthodontics<\/li>\n                      <\/ul>\n        <\/div>\n              <\/div>\n    <\/div>\n      <div class=\"team-member main\">\n      <figure class=\"img\">\n        <img loading=\"lazy\" decoding=\"async\" width=\"480\" height=\"660\" src=\"https:\/\/kazandjian.ch\/wp-content\/uploads\/2021\/03\/dr-vicky-kazandjian-2-480x660.jpg\" class=\"attachment-list-thumb-vertical size-list-thumb-vertical wp-post-image\" alt=\"Dr Vicky Kazandjian\" \/>      <\/figure>\n      <div class=\"content\">\n        <h3 class=\"title\">Dr Vicky Kazandjian<\/h3>\n        <p class=\"job\"><strong><\/strong><\/p>\n                <p>Dr.\u00a0 Kazandjian grew up on both coasts of America and did most of her studies in California.<\/p>\n<ul>\n<li>Master of Science in Orthodontics at Loma Linda University (M.S. at LLU)<\/li>\n<li>Recipient of the Roland Walter\u2019s Research award at Loma Linda University<\/li>\n<li>Doctor of Dental Surgery at the University of California, Los Angeles (D.D.S. at UCLA)<\/li>\n<li>Dipl\u00f4me de M\u00e9decin-Dentiste at the University of Geneva<\/li>\n<li>Bachelor of Science with double majors in Cognitive Science and General Biology at the University of California, San Diego (B.S. at UCSD)<\/li>\n<\/ul>\n                <div class=\"associations\">\n          <p><strong>Associations<\/strong><\/p>\n          <ul class=\"list-associations\">\n                        <li>Soci\u00e9t\u00e9 Vaudoise de M\u00e9decins-Dentistes&nbsp;SVMD<\/li>\n                        <li>Soci\u00e9t\u00e9 Suisse de M\u00e9decins-Dentistes&nbsp;SSO<\/li>\n                        <li>Swiss Dental Society&nbsp;SDS<\/li>\n                        <li>American Association of Orthodontists&nbsp;AAO<\/li>\n                      <\/ul>\n        <\/div>\n              <\/div>\n    <\/div>\n      <div class=\"team-member featured\">\n      <figure class=\"img\">\n        <img loading=\"lazy\" decoding=\"async\" width=\"1066\" height=\"1600\" src=\"https:\/\/kazandjian.ch\/wp-content\/uploads\/2026\/01\/70a33e3a-8c77-4e32-b0c1-6c825a653dd3.jpg\" class=\"attachment-post-thumbnail size-post-thumbnail wp-post-image\" alt=\"Kelly\" srcset=\"https:\/\/kazandjian.ch\/wp-content\/uploads\/2026\/01\/70a33e3a-8c77-4e32-b0c1-6c825a653dd3.jpg 1066w, https:\/\/kazandjian.ch\/wp-content\/uploads\/2026\/01\/70a33e3a-8c77-4e32-b0c1-6c825a653dd3-200x300.jpg 200w, https:\/\/kazandjian.ch\/wp-content\/uploads\/2026\/01\/70a33e3a-8c77-4e32-b0c1-6c825a653dd3-682x1024.jpg 682w, https:\/\/kazandjian.ch\/wp-content\/uploads\/2026\/01\/70a33e3a-8c77-4e32-b0c1-6c825a653dd3-768x1153.jpg 768w, https:\/\/kazandjian.ch\/wp-content\/uploads\/2026\/01\/70a33e3a-8c77-4e32-b0c1-6c825a653dd3-1023x1536.jpg 1023w\" sizes=\"auto, (max-width: 1066px) 100vw, 1066px\" \/>      <\/figure>\n      <div class=\"content\">\n        <h3 class=\"title\">Kelly<\/h3>\n        <p class=\"job\"><strong>Dentist, PhD candidate in Orthodontics at the University of Geneva<\/strong><\/p>\n                <p class=\"year\">At our office since 2025<\/p>\n                              <\/div>\n    <\/div>\n      <div class=\"team-member featured\">\n      <figure class=\"img\">\n        <img loading=\"lazy\" decoding=\"async\" width=\"1231\" height=\"1847\" src=\"https:\/\/kazandjian.ch\/wp-content\/uploads\/2021\/03\/chloe-2.jpg\" class=\"attachment-post-thumbnail size-post-thumbnail wp-post-image\" alt=\"\" srcset=\"https:\/\/kazandjian.ch\/wp-content\/uploads\/2021\/03\/chloe-2.jpg 1231w, https:\/\/kazandjian.ch\/wp-content\/uploads\/2021\/03\/chloe-2-200x300.jpg 200w, https:\/\/kazandjian.ch\/wp-content\/uploads\/2021\/03\/chloe-2-682x1024.jpg 682w, https:\/\/kazandjian.ch\/wp-content\/uploads\/2021\/03\/chloe-2-768x1152.jpg 768w, https:\/\/kazandjian.ch\/wp-content\/uploads\/2021\/03\/chloe-2-1024x1536.jpg 1024w\" sizes=\"auto, (max-width: 1231px) 100vw, 1231px\" \/>      <\/figure>\n      <div class=\"content\">\n        <h3 class=\"title\">Chlo\u00e9<\/h3>\n        <p class=\"job\"><strong>Dental Hygienist<\/strong><\/p>\n                <p class=\"year\">At our office since 2009<\/p>\n                              <\/div>\n    <\/div>\n      <div class=\"team-member\">\n      <figure class=\"img\">\n        <img loading=\"lazy\" decoding=\"async\" width=\"1376\" height=\"2064\" src=\"https:\/\/kazandjian.ch\/wp-content\/uploads\/2021\/03\/christine.jpg\" class=\"attachment-post-thumbnail size-post-thumbnail wp-post-image\" alt=\"\" srcset=\"https:\/\/kazandjian.ch\/wp-content\/uploads\/2021\/03\/christine.jpg 1376w, https:\/\/kazandjian.ch\/wp-content\/uploads\/2021\/03\/christine-200x300.jpg 200w, https:\/\/kazandjian.ch\/wp-content\/uploads\/2021\/03\/christine-683x1024.jpg 683w, https:\/\/kazandjian.ch\/wp-content\/uploads\/2021\/03\/christine-768x1152.jpg 768w, https:\/\/kazandjian.ch\/wp-content\/uploads\/2021\/03\/christine-1024x1536.jpg 1024w, https:\/\/kazandjian.ch\/wp-content\/uploads\/2021\/03\/christine-1365x2048.jpg 1365w\" sizes=\"auto, (max-width: 1376px) 100vw, 1376px\" \/>      <\/figure>\n      <div class=\"content\">\n        <h3 class=\"title\">Christine<\/h3>\n        <p class=\"job\"><strong>Dental assistant<\/strong><\/p>\n                <p class=\"year\">At our office since 2007<\/p>\n                              <\/div>\n    <\/div>\n      <div class=\"team-member\">\n      <figure class=\"img\">\n        <img loading=\"lazy\" decoding=\"async\" width=\"1376\" height=\"2064\" src=\"https:\/\/kazandjian.ch\/wp-content\/uploads\/2021\/03\/deborah-2.jpg\" class=\"attachment-post-thumbnail size-post-thumbnail wp-post-image\" alt=\"\" srcset=\"https:\/\/kazandjian.ch\/wp-content\/uploads\/2021\/03\/deborah-2.jpg 1376w, https:\/\/kazandjian.ch\/wp-content\/uploads\/2021\/03\/deborah-2-200x300.jpg 200w, https:\/\/kazandjian.ch\/wp-content\/uploads\/2021\/03\/deborah-2-683x1024.jpg 683w, https:\/\/kazandjian.ch\/wp-content\/uploads\/2021\/03\/deborah-2-768x1152.jpg 768w, https:\/\/kazandjian.ch\/wp-content\/uploads\/2021\/03\/deborah-2-1024x1536.jpg 1024w, https:\/\/kazandjian.ch\/wp-content\/uploads\/2021\/03\/deborah-2-1365x2048.jpg 1365w\" sizes=\"auto, (max-width: 1376px) 100vw, 1376px\" \/>      <\/figure>\n      <div class=\"content\">\n        <h3 class=\"title\">Deborah<\/h3>\n        <p class=\"job\"><strong>Prophylaxis assistant<\/strong><\/p>\n                <p class=\"year\">At our office since 2007<\/p>\n                              <\/div>\n    <\/div>\n      <div class=\"team-member\">\n      <figure class=\"img\">\n        <img loading=\"lazy\" decoding=\"async\" width=\"1376\" height=\"2064\" src=\"https:\/\/kazandjian.ch\/wp-content\/uploads\/2021\/03\/estelle-2.jpg\" class=\"attachment-post-thumbnail size-post-thumbnail wp-post-image\" alt=\"\" srcset=\"https:\/\/kazandjian.ch\/wp-content\/uploads\/2021\/03\/estelle-2.jpg 1376w, https:\/\/kazandjian.ch\/wp-content\/uploads\/2021\/03\/estelle-2-200x300.jpg 200w, https:\/\/kazandjian.ch\/wp-content\/uploads\/2021\/03\/estelle-2-683x1024.jpg 683w, https:\/\/kazandjian.ch\/wp-content\/uploads\/2021\/03\/estelle-2-768x1152.jpg 768w, https:\/\/kazandjian.ch\/wp-content\/uploads\/2021\/03\/estelle-2-1024x1536.jpg 1024w, https:\/\/kazandjian.ch\/wp-content\/uploads\/2021\/03\/estelle-2-1365x2048.jpg 1365w\" sizes=\"auto, (max-width: 1376px) 100vw, 1376px\" \/>      <\/figure>\n      <div class=\"content\">\n        <h3 class=\"title\">Estelle<\/h3>\n        <p class=\"job\"><strong>Prophylaxis assistant, Dental Technician<\/strong><\/p>\n                <p class=\"year\">At our office since 2015<\/p>\n                              <\/div>\n    <\/div>\n      <div class=\"team-member\">\n      <figure class=\"img\">\n        <img loading=\"lazy\" decoding=\"async\" width=\"1231\" height=\"1847\" src=\"https:\/\/kazandjian.ch\/wp-content\/uploads\/2021\/03\/sandra-2.jpg\" class=\"attachment-post-thumbnail size-post-thumbnail wp-post-image\" alt=\"\" srcset=\"https:\/\/kazandjian.ch\/wp-content\/uploads\/2021\/03\/sandra-2.jpg 1231w, https:\/\/kazandjian.ch\/wp-content\/uploads\/2021\/03\/sandra-2-200x300.jpg 200w, https:\/\/kazandjian.ch\/wp-content\/uploads\/2021\/03\/sandra-2-682x1024.jpg 682w, https:\/\/kazandjian.ch\/wp-content\/uploads\/2021\/03\/sandra-2-768x1152.jpg 768w, https:\/\/kazandjian.ch\/wp-content\/uploads\/2021\/03\/sandra-2-1024x1536.jpg 1024w\" sizes=\"auto, (max-width: 1231px) 100vw, 1231px\" \/>      <\/figure>\n      <div class=\"content\">\n        <h3 class=\"title\">Sandra<\/h3>\n        <p class=\"job\"><strong>Secretary<\/strong><\/p>\n                <p class=\"year\">At our office since 2019<\/p>\n                              <\/div>\n    <\/div>\n      <div class=\"team-member\">\n      <figure class=\"img\">\n        <img loading=\"lazy\" decoding=\"async\" width=\"1376\" height=\"2064\" src=\"https:\/\/kazandjian.ch\/wp-content\/uploads\/2021\/04\/suzanne-2.jpg\" class=\"attachment-post-thumbnail size-post-thumbnail wp-post-image\" alt=\"\" srcset=\"https:\/\/kazandjian.ch\/wp-content\/uploads\/2021\/04\/suzanne-2.jpg 1376w, https:\/\/kazandjian.ch\/wp-content\/uploads\/2021\/04\/suzanne-2-200x300.jpg 200w, https:\/\/kazandjian.ch\/wp-content\/uploads\/2021\/04\/suzanne-2-683x1024.jpg 683w, https:\/\/kazandjian.ch\/wp-content\/uploads\/2021\/04\/suzanne-2-768x1152.jpg 768w, https:\/\/kazandjian.ch\/wp-content\/uploads\/2021\/04\/suzanne-2-1024x1536.jpg 1024w, https:\/\/kazandjian.ch\/wp-content\/uploads\/2021\/04\/suzanne-2-1365x2048.jpg 1365w\" sizes=\"auto, (max-width: 1376px) 100vw, 1376px\" \/>      <\/figure>\n      <div class=\"content\">\n        <h3 class=\"title\">Suzanne<\/h3>\n        <p class=\"job\"><strong>Dental assistant<\/strong><\/p>\n                <p class=\"year\">At our office since 2005<\/p>\n                              <\/div>\n    <\/div>\n      <div class=\"team-member\">\n      <figure class=\"img\">\n        <img loading=\"lazy\" decoding=\"async\" width=\"1376\" height=\"2064\" src=\"https:\/\/kazandjian.ch\/wp-content\/uploads\/2023\/12\/catia.jpg\" class=\"attachment-post-thumbnail size-post-thumbnail wp-post-image\" alt=\"Catia\" srcset=\"https:\/\/kazandjian.ch\/wp-content\/uploads\/2023\/12\/catia.jpg 1376w, https:\/\/kazandjian.ch\/wp-content\/uploads\/2023\/12\/catia-200x300.jpg 200w, https:\/\/kazandjian.ch\/wp-content\/uploads\/2023\/12\/catia-683x1024.jpg 683w, https:\/\/kazandjian.ch\/wp-content\/uploads\/2023\/12\/catia-768x1152.jpg 768w, https:\/\/kazandjian.ch\/wp-content\/uploads\/2023\/12\/catia-1024x1536.jpg 1024w, https:\/\/kazandjian.ch\/wp-content\/uploads\/2023\/12\/catia-1365x2048.jpg 1365w\" sizes=\"auto, (max-width: 1376px) 100vw, 1376px\" \/>      <\/figure>\n      <div class=\"content\">\n        <h3 class=\"title\">Catia<\/h3>\n        <p class=\"job\"><strong>Dental assistant<\/strong><\/p>\n                              <\/div>\n    <\/div>\n      <div class=\"team-member\">\n      <figure class=\"img\">\n        <img loading=\"lazy\" decoding=\"async\" width=\"1376\" height=\"2064\" src=\"https:\/\/kazandjian.ch\/wp-content\/uploads\/2023\/12\/renata.jpg\" class=\"attachment-post-thumbnail size-post-thumbnail wp-post-image\" alt=\"Renata\" srcset=\"https:\/\/kazandjian.ch\/wp-content\/uploads\/2023\/12\/renata.jpg 1376w, https:\/\/kazandjian.ch\/wp-content\/uploads\/2023\/12\/renata-200x300.jpg 200w, https:\/\/kazandjian.ch\/wp-content\/uploads\/2023\/12\/renata-683x1024.jpg 683w, https:\/\/kazandjian.ch\/wp-content\/uploads\/2023\/12\/renata-768x1152.jpg 768w, https:\/\/kazandjian.ch\/wp-content\/uploads\/2023\/12\/renata-1024x1536.jpg 1024w, https:\/\/kazandjian.ch\/wp-content\/uploads\/2023\/12\/renata-1365x2048.jpg 1365w\" sizes=\"auto, (max-width: 1376px) 100vw, 1376px\" \/>      <\/figure>\n      <div class=\"content\">\n        <h3 class=\"title\">Renata<\/h3>\n        <p class=\"job\"><strong>Dental assistant<\/strong><\/p>\n                              <\/div>\n    <\/div>\n    <\/div>\n<\/section>\n\n","protected":false},"excerpt":{"rendered":"<p>Our office is located on the Lausanne-side of Morges, near the spectacular Lake Leman.<\/p>\n","protected":false},"author":1,"featured_media":471,"parent":0,"menu_order":0,"comment_status":"closed","ping_status":"closed","template":"","meta":{"_acf_changed":false,"footnotes":""},"categories":[],"class_list":["post-483","page","type-page","status-publish","has-post-thumbnail","hentry"],"acf":[],"yoast_head":"<!-- This site is optimized with the Yoast SEO plugin v26.3 - https:\/\/yoast.com\/wordpress\/plugins\/seo\/ -->\n<title>Our office - Cabinet d&#039;orthodontie Kazandjian Morges<\/title>\n<meta name=\"description\" content=\"Our office is located on the Lausanne-side of Morges, near the spectacular Lake Leman.\" \/>\n<meta name=\"robots\" content=\"index, follow, max-snippet:-1, max-image-preview:large, max-video-preview:-1\" \/>\n<link rel=\"canonical\" href=\"https:\/\/kazandjian.ch\/en\/our-office\/\" \/>\n<meta property=\"og:locale\" content=\"en_US\" \/>\n<meta property=\"og:type\" content=\"article\" \/>\n<meta property=\"og:title\" content=\"Our office - Cabinet d&#039;orthodontie Kazandjian Morges\" \/>\n<meta property=\"og:description\" content=\"Our office is located on the Lausanne-side of Morges, near the spectacular Lake Leman.\" \/>\n<meta property=\"og:url\" content=\"https:\/\/kazandjian.ch\/en\/our-office\/\" \/>\n<meta property=\"og:site_name\" content=\"Cabinet d&#039;orthodontie Kazandjian Morges\" \/>\n<meta property=\"article:modified_time\" content=\"2026-01-12T16:20:54+00:00\" \/>\n<meta property=\"og:image\" content=\"https:\/\/kazandjian.ch\/wp-content\/uploads\/2021\/07\/accueil-2.jpg\" \/>\n\t<meta property=\"og:image:width\" content=\"1920\" \/>\n\t<meta property=\"og:image:height\" content=\"1025\" \/>\n\t<meta property=\"og:image:type\" content=\"image\/jpeg\" \/>\n<meta name=\"twitter:card\" content=\"summary_large_image\" \/>\n<meta name=\"twitter:label1\" content=\"Est. reading time\" \/>\n\t<meta name=\"twitter:data1\" content=\"1 minute\" \/>\n<script type=\"application\/ld+json\" class=\"yoast-schema-graph\">{\"@context\":\"https:\/\/schema.org\",\"@graph\":[{\"@type\":\"WebPage\",\"@id\":\"https:\/\/kazandjian.ch\/en\/our-office\/\",\"url\":\"https:\/\/kazandjian.ch\/en\/our-office\/\",\"name\":\"Our office - Cabinet d&#039;orthodontie Kazandjian Morges\",\"isPartOf\":{\"@id\":\"https:\/\/kazandjian.ch\/en\/#website\"},\"primaryImageOfPage\":{\"@id\":\"https:\/\/kazandjian.ch\/en\/our-office\/#primaryimage\"},\"image\":{\"@id\":\"https:\/\/kazandjian.ch\/en\/our-office\/#primaryimage\"},\"thumbnailUrl\":\"https:\/\/kazandjian.ch\/wp-content\/uploads\/2021\/07\/accueil-2.jpg\",\"datePublished\":\"2021-12-20T10:54:54+00:00\",\"dateModified\":\"2026-01-12T16:20:54+00:00\",\"description\":\"Our office is located on the Lausanne-side of Morges, near the spectacular Lake Leman.\",\"breadcrumb\":{\"@id\":\"https:\/\/kazandjian.ch\/en\/our-office\/#breadcrumb\"},\"inLanguage\":\"en-US\",\"potentialAction\":[{\"@type\":\"ReadAction\",\"target\":[\"https:\/\/kazandjian.ch\/en\/our-office\/\"]}]},{\"@type\":\"ImageObject\",\"inLanguage\":\"en-US\",\"@id\":\"https:\/\/kazandjian.ch\/en\/our-office\/#primaryimage\",\"url\":\"https:\/\/kazandjian.ch\/wp-content\/uploads\/2021\/07\/accueil-2.jpg\",\"contentUrl\":\"https:\/\/kazandjian.ch\/wp-content\/uploads\/2021\/07\/accueil-2.jpg\",\"width\":1920,\"height\":1025,\"caption\":\"Home\"},{\"@type\":\"BreadcrumbList\",\"@id\":\"https:\/\/kazandjian.ch\/en\/our-office\/#breadcrumb\",\"itemListElement\":[{\"@type\":\"ListItem\",\"position\":1,\"name\":\"Accueil\",\"item\":\"https:\/\/kazandjian.ch\/en\/\"},{\"@type\":\"ListItem\",\"position\":2,\"name\":\"Our office\"}]},{\"@type\":\"WebSite\",\"@id\":\"https:\/\/kazandjian.ch\/en\/#website\",\"url\":\"https:\/\/kazandjian.ch\/en\/\",\"name\":\"Cabinet d&#039;orthodontie Kazandjian Morges\",\"description\":\"\",\"publisher\":{\"@id\":\"https:\/\/kazandjian.ch\/en\/#organization\"},\"potentialAction\":[{\"@type\":\"SearchAction\",\"target\":{\"@type\":\"EntryPoint\",\"urlTemplate\":\"https:\/\/kazandjian.ch\/en\/?s={search_term_string}\"},\"query-input\":{\"@type\":\"PropertyValueSpecification\",\"valueRequired\":true,\"valueName\":\"search_term_string\"}}],\"inLanguage\":\"en-US\"},{\"@type\":\"Organization\",\"@id\":\"https:\/\/kazandjian.ch\/en\/#organization\",\"name\":\"Cabinet d'orthodontie Drs Serge et Vicky Kazandjian \u00e0 Morges\",\"url\":\"https:\/\/kazandjian.ch\/en\/\",\"logo\":{\"@type\":\"ImageObject\",\"inLanguage\":\"en-US\",\"@id\":\"https:\/\/kazandjian.ch\/en\/#\/schema\/logo\/image\/\",\"url\":\"https:\/\/kazandjian.ch\/wp-content\/uploads\/2021\/10\/logo-kazandjian.png\",\"contentUrl\":\"https:\/\/kazandjian.ch\/wp-content\/uploads\/2021\/10\/logo-kazandjian.png\",\"width\":600,\"height\":390,\"caption\":\"Cabinet d'orthodontie Drs Serge et Vicky Kazandjian \u00e0 Morges\"},\"image\":{\"@id\":\"https:\/\/kazandjian.ch\/en\/#\/schema\/logo\/image\/\"}}]}<\/script>\n<!-- \/ Yoast SEO plugin. -->","yoast_head_json":{"title":"Our office - Cabinet d&#039;orthodontie Kazandjian Morges","description":"Our office is located on the Lausanne-side of Morges, near the spectacular Lake Leman.","robots":{"index":"index","follow":"follow","max-snippet":"max-snippet:-1","max-image-preview":"max-image-preview:large","max-video-preview":"max-video-preview:-1"},"canonical":"https:\/\/kazandjian.ch\/en\/our-office\/","og_locale":"en_US","og_type":"article","og_title":"Our office - Cabinet d&#039;orthodontie Kazandjian Morges","og_description":"Our office is located on the Lausanne-side of Morges, near the spectacular Lake Leman.","og_url":"https:\/\/kazandjian.ch\/en\/our-office\/","og_site_name":"Cabinet d&#039;orthodontie Kazandjian Morges","article_modified_time":"2026-01-12T16:20:54+00:00","og_image":[{"width":1920,"height":1025,"url":"https:\/\/kazandjian.ch\/wp-content\/uploads\/2021\/07\/accueil-2.jpg","type":"image\/jpeg"}],"twitter_card":"summary_large_image","twitter_misc":{"Est. reading time":"1 minute"},"schema":{"@context":"https:\/\/schema.org","@graph":[{"@type":"WebPage","@id":"https:\/\/kazandjian.ch\/en\/our-office\/","url":"https:\/\/kazandjian.ch\/en\/our-office\/","name":"Our office - Cabinet d&#039;orthodontie Kazandjian Morges","isPartOf":{"@id":"https:\/\/kazandjian.ch\/en\/#website"},"primaryImageOfPage":{"@id":"https:\/\/kazandjian.ch\/en\/our-office\/#primaryimage"},"image":{"@id":"https:\/\/kazandjian.ch\/en\/our-office\/#primaryimage"},"thumbnailUrl":"https:\/\/kazandjian.ch\/wp-content\/uploads\/2021\/07\/accueil-2.jpg","datePublished":"2021-12-20T10:54:54+00:00","dateModified":"2026-01-12T16:20:54+00:00","description":"Our office is located on the Lausanne-side of Morges, near the spectacular Lake Leman.","breadcrumb":{"@id":"https:\/\/kazandjian.ch\/en\/our-office\/#breadcrumb"},"inLanguage":"en-US","potentialAction":[{"@type":"ReadAction","target":["https:\/\/kazandjian.ch\/en\/our-office\/"]}]},{"@type":"ImageObject","inLanguage":"en-US","@id":"https:\/\/kazandjian.ch\/en\/our-office\/#primaryimage","url":"https:\/\/kazandjian.ch\/wp-content\/uploads\/2021\/07\/accueil-2.jpg","contentUrl":"https:\/\/kazandjian.ch\/wp-content\/uploads\/2021\/07\/accueil-2.jpg","width":1920,"height":1025,"caption":"Home"},{"@type":"BreadcrumbList","@id":"https:\/\/kazandjian.ch\/en\/our-office\/#breadcrumb","itemListElement":[{"@type":"ListItem","position":1,"name":"Accueil","item":"https:\/\/kazandjian.ch\/en\/"},{"@type":"ListItem","position":2,"name":"Our office"}]},{"@type":"WebSite","@id":"https:\/\/kazandjian.ch\/en\/#website","url":"https:\/\/kazandjian.ch\/en\/","name":"Cabinet d&#039;orthodontie Kazandjian Morges","description":"","publisher":{"@id":"https:\/\/kazandjian.ch\/en\/#organization"},"potentialAction":[{"@type":"SearchAction","target":{"@type":"EntryPoint","urlTemplate":"https:\/\/kazandjian.ch\/en\/?s={search_term_string}"},"query-input":{"@type":"PropertyValueSpecification","valueRequired":true,"valueName":"search_term_string"}}],"inLanguage":"en-US"},{"@type":"Organization","@id":"https:\/\/kazandjian.ch\/en\/#organization","name":"Cabinet d'orthodontie Drs Serge et Vicky Kazandjian \u00e0 Morges","url":"https:\/\/kazandjian.ch\/en\/","logo":{"@type":"ImageObject","inLanguage":"en-US","@id":"https:\/\/kazandjian.ch\/en\/#\/schema\/logo\/image\/","url":"https:\/\/kazandjian.ch\/wp-content\/uploads\/2021\/10\/logo-kazandjian.png","contentUrl":"https:\/\/kazandjian.ch\/wp-content\/uploads\/2021\/10\/logo-kazandjian.png","width":600,"height":390,"caption":"Cabinet d'orthodontie Drs Serge et Vicky Kazandjian \u00e0 Morges"},"image":{"@id":"https:\/\/kazandjian.ch\/en\/#\/schema\/logo\/image\/"}}]}},"_links":{"self":[{"href":"https:\/\/kazandjian.ch\/en\/wp-json\/wp\/v2\/pages\/483","targetHints":{"allow":["GET"]}}],"collection":[{"href":"https:\/\/kazandjian.ch\/en\/wp-json\/wp\/v2\/pages"}],"about":[{"href":"https:\/\/kazandjian.ch\/en\/wp-json\/wp\/v2\/types\/page"}],"author":[{"embeddable":true,"href":"https:\/\/kazandjian.ch\/en\/wp-json\/wp\/v2\/users\/1"}],"replies":[{"embeddable":true,"href":"https:\/\/kazandjian.ch\/en\/wp-json\/wp\/v2\/comments?post=483"}],"version-history":[{"count":10,"href":"https:\/\/kazandjian.ch\/en\/wp-json\/wp\/v2\/pages\/483\/revisions"}],"predecessor-version":[{"id":4653,"href":"https:\/\/kazandjian.ch\/en\/wp-json\/wp\/v2\/pages\/483\/revisions\/4653"}],"wp:featuredmedia":[{"embeddable":true,"href":"https:\/\/kazandjian.ch\/en\/wp-json\/wp\/v2\/media\/471"}],"wp:attachment":[{"href":"https:\/\/kazandjian.ch\/en\/wp-json\/wp\/v2\/media?parent=483"}],"wp:term":[{"taxonomy":"category","embeddable":true,"href":"https:\/\/kazandjian.ch\/en\/wp-json\/wp\/v2\/categories?post=483"}],"curies":[{"name":"wp","href":"https:\/\/api.w.org\/{rel}","templated":true}]}}